{"id":524,"date":"2017-09-26T09:38:43","date_gmt":"2017-09-26T08:38:43","guid":{"rendered":"http:\/\/www.fp7-matisse.eu\/?page_id=524"},"modified":"2017-09-26T09:40:41","modified_gmt":"2017-09-26T08:40:41","slug":"taskforce-et-workshop","status":"publish","type":"page","link":"https:\/\/fp7-matisse.eu\/taskforce-et-workshop\/","title":{"rendered":"EERA-JPNM Taskforce &#8211; MatISSE Workshop on Education &#038; Training"},"content":{"rendered":"<p><strong>The European Energy Research Alliance (EERA) \/\u00a0<\/strong><strong>Joint Programme on Nuclear Materials (JPNM)<\/strong><\/p>\n<p><strong>\u00a0<\/strong><strong>Taskforce E&amp;T Workshop (in collaboration with the MatISSE project)<\/strong><\/p>\n<p><strong>Date: May 8th and 9th 2017<\/strong><\/p>\n<p><strong>\u00a0<\/strong><strong>Venue: Ostendorfhaus, Weberstra\u00dfe 5,\u00a0<\/strong><strong>76133 Karlsruhe,\u00a0<\/strong><strong>Germany<\/strong><\/p>\n<p><strong>\u00a0<\/strong><strong>Participants<\/strong>: Angelika Bohnstedt (KIT), Nihed Chaabane (CEA), Roberto Coppola (ENEA), Katarzyna Deja (NCBJ), Christian Ekberg (Chalmers), Susana Falc\u00f3n (CIEMAT), Peter H\u00e4hner (JRC), Jarmo Ala-Heikkil\u00e4 (University Aalto), Nele Kesteloot (SCK\u2219CEN), James Marrow (Oxford University), Sabrina Meo Colombo (KIT), Gianluigi Serianni (IGI)<\/p>\n<p><strong>\u00a0Agenda can be found <a href=\"https:\/\/fp7-matisse.eu\/wp-content\/uploads\/2017\/09\/JPNM-TF-ET-workshop.pdf\">here<\/a>.<\/strong><\/p>\n<p>All presentations given can be found here:\u00a0<a href=\"http:\/\/www.eera-jpnm.eu\/filesharer\/documents\/E&amp;T%20Task%20Force\">http:\/\/www.eera-jpnm.eu\/filesharer\/documents\/E&amp;T%20Task%20Force<\/a><\/p>\n","protected":false},"excerpt":{"rendered":"<p>The European Energy Research Alliance (EERA) \/\u00a0Joint Programme on Nuclear Materials (JPNM) \u00a0Taskforce E&amp;T Workshop (in collaboration with the MatISSE project) Date: May 8th and 9th 2017 \u00a0Venue: Ostendorfhaus, Weberstra\u00dfe 5,\u00a076133 Karlsruhe,\u00a0Germany \u00a0Participants: Angelika Bohnstedt (KIT), Nihed Chaabane (CEA), Roberto Coppola (ENEA), Katarzyna Deja (NCBJ), Christian Ekberg (Chalmers), Susana Falc\u00f3n (CIEMAT), Peter H\u00e4hner (JRC), Jarmo [&hellip;]<\/p>\n","protected":false},"author":1,"featured_media":0,"parent":0,"menu_order":0,"comment_status":"closed","ping_status":"closed","template":"","meta":[],"_links":{"self":[{"href":"https:\/\/fp7-matisse.eu\/wp-json\/wp\/v2\/pages\/524"}],"collection":[{"href":"https:\/\/fp7-matisse.eu\/wp-json\/wp\/v2\/pages"}],"about":[{"href":"https:\/\/fp7-matisse.eu\/wp-json\/wp\/v2\/types\/page"}],"author":[{"embeddable":true,"href":"https:\/\/fp7-matisse.eu\/wp-json\/wp\/v2\/users\/1"}],"replies":[{"embeddable":true,"href":"https:\/\/fp7-matisse.eu\/wp-json\/wp\/v2\/comments?post=524"}],"version-history":[{"count":3,"href":"https:\/\/fp7-matisse.eu\/wp-json\/wp\/v2\/pages\/524\/revisions"}],"predecessor-version":[{"id":528,"href":"https:\/\/fp7-matisse.eu\/wp-json\/wp\/v2\/pages\/524\/revisions\/528"}],"wp:attachment":[{"href":"https:\/\/fp7-matisse.eu\/wp-json\/wp\/v2\/media?parent=524"}],"curies":[{"name":"wp","href":"https:\/\/api.w.org\/{rel}","templated":true}]}}